{"id":392,"date":"2018-07-26T07:17:24","date_gmt":"2018-07-26T07:17:24","guid":{"rendered":"http:\/\/lmsdemo.loc\/lms-white\/?page_id=392"},"modified":"2019-08-09T17:28:42","modified_gmt":"2019-08-09T17:28:42","slug":"quienes-somos","status":"publish","type":"page","link":"https:\/\/ortomolecularmedicina.com\/index.php\/quienes-somos\/","title":{"rendered":"Quienes Somos"},"content":{"rendered":"<body><p>[vc_section][vc_row][vc_column width=\u201d1\/2\u2033][vc_column_text]<\/p>\n<h2><strong>Porque todos tenemos Derecho a la salud <\/strong><strong>Queremos acompa\u00f1arte <\/strong><strong>A luchar por esto !<\/strong><\/h2>\n<p>La industria farmac\u00e9utica ha dado el primer golpe. Y lo sabemos observando los altos \u00edndices de enfermedades cr\u00f3nico de generativas.<\/p>\n<p><span style=\"color: #ff0000;\"><strong>Esta lucha contra la\u00a0Industria\u00a0Farmaceutica\u00a0ya est\u00e1 declarada y apenas comienza.<\/strong><\/span><\/p>\n<p>Forma parte de los Terapeutas en Nutrici\u00f3n Ortomolecular y crea historia como precursor del cambio en la Salud Mundial.<\/p>\n<p>Los tiempos han cambiado, existe un parteaguas desde que aparecieron los fertilizantes que han dejado sin nutrientes el subsuelo, \u201cgracias\u201d a empresas como <span style=\"color: #ff0000;\">Monstanto<\/span>, las enfermedades cr\u00f3nico de generativas han tenido un gran avance y se han disparado.<\/p>\n<p>Con la Nutrici\u00f3n Ortomolecular, hacemos un contrapeso a esos ataques a la salud mundial, y lo mejor que tiene fundamentos y bases 100% cient\u00edficas, de lo contrario no me apasionar\u00eda tanto.[\/vc_column_text][vc_column_text]\u00bfQuieres saber si esto es posible ?<\/p>\n<p>_____________________<\/p>\n<p>Vivo en la Ciudad de M\u00e9xico, Tengo 40 a\u00f1os de los cuales 10 han sido sentado en una computadora investigando sobre salud complementaria, nuevos nutrientes y formas de llevar este conocimiento a todo el mundo.<\/p>\n<p>Esto me encanta, descubrir cosas que nadie sabe, s\u00faper interesantes, que pueden cambiar la vida de la gente y que logren educar un pa\u00eds y sacarlo adelante, esto se convirti\u00f3 en mi trabajo.<\/p>\n<p>Ahora es mi pasi\u00f3n y dedico el 100% de mi tiempo laboral a investigar y grabar en video lo que voy encontrando y aprendiendo junto con Nutriologos, qu\u00edmicos, terapeutas y m\u00e9dicos.<\/p>\n<p>\u00a0<\/p>\n<p>No te alcanzas a imaginar lo importante que es\u00a0investigar y conocer como funciona el mundo de la\u00a0Medicina Ortomolecular\u00a0actualmente, d\u00e9jame decirte que es otra cosa muy distinta a lo que tu sabes, piensas e imaginas.<\/p>\n<p>Decid\u00ed que deb\u00eda formar una empresa alrededor de esto. Valia la pena por todo lo que ofrec\u00eda !<\/p>\n<p><strong>, En el Diplomado plasm\u00e9 bien explicadas las posibilidades tan\u00a0IMPRESIONANTES\u00a0que hay cuando usamos Nutrici\u00f3n Ortomolecular y una Nutrici\u00f3n correcta en cualquier tipo de\u00a0<\/strong><span style=\"color: #ff0000;\"><strong>CANCER, DIABETES, OBESIDAD, ETC.<\/strong><\/span>[\/vc_column_text][\/vc_column][vc_column width=\u201d1\/2\u2033][vc_column_text]<strong>Ahora es posible:<\/strong><\/p>\n<p><strong>Desintoxicar con minerales<\/strong><\/p>\n<p><strong>Nutrir<\/strong> con Vitaminas<\/p>\n<p><strong>Revitalizar<\/strong> dando un mantenimiento con Vitaminas y \u00e1cidos grasos.<\/p>\n<p>Teniendo notable mejor\u00eda en C\u00e1ncer, Diabetes, hipertensi\u00f3n, Alzheimer, cualquier padecimiento, dando una calidad de vida en el organismo de tus pacientes,[\/vc_column_text][vc_column_text]<span style=\"color: #ff0000;\"><strong>Cuando nos dimos cuenta que las farmaceuticas, estaban invadiendo<\/strong><\/span>\u00a0no solo los medios de comunicaci\u00f3n, sino la mente de nuestros amigos y gente de nuestro alrededor,\u00a0<span style=\"color: #0000ff;\"><strong>decidimos ayudar a la humanidad, \u00bf pero de qu\u00e9 manera ?<\/strong><\/span><\/p>\n<p><span style=\"color: #0000ff;\"><strong>Al principio temimos<\/strong><\/span>\u00a0que nos comiera ese mounstro, pero decid\u00ed implementar una estrategia.<\/p>\n<p>Implement\u00e9 usar unas poderosas herramientas, <strong>Seminarios, MasterClass y Capacitaci\u00f3n a top<\/strong>e.<\/p>\n<p>Creimos f\u00edrmemente que\u00a0<span style=\"color: #0000ff;\">estando cerca de nuestros alumnos y resolviendo todas y cada unas de sus dudas,\u00a0dar\u00edamos mucho m\u00e1s en esta lucha y llevariamos Salud a Todo el mundo.<\/span><\/p>\n<p>Si eres una persona que est\u00e1 en la constante b\u00fasqueda de diversas alternativas para acabar con las enfermedades que tienen tus pacientes.<\/p>\n<p>Te caracterizas por la integridad, te apasiona la salud, <strong>pero no haz llegado al nivel de salud que buscas en tus pacientes.<\/strong><\/p>\n<p>Este Diplomado es para ti.<\/p>\n<p>Descubre el Diplomado Ortomolecular<\/p>\n<p>Cada semana tenemos Seminarios y Masterclass, los cuales te llevan a la aplicaci\u00f3n pr\u00e1ctica de la Terapia Ortomolecular, siendo capaz de aplicarla de inmediato-<\/p>\n<p>Me tendr\u00e1s a mi y al equipo de Nutri\u00f3logos y m\u00e9dicos como tus aliados, en este proceso.<\/p>\n<p>Y la mejor noticia, la Nutrici\u00f3n Ortomolecular, se puede combinar con cualquier terapia, potencializandola de una manera impresionante.[\/vc_column_text][\/vc_column][\/vc_row][\/vc_section][vc_row][vc_column][vc_custom_heading text=\u201dInscr\u00edbete al Curso Gratis \u2013 \u00bfComo Potencializo con Ortomolecular?\u201d font_container=\u201dtag:h2|text_align:center|color:%2376bf3b\u201d use_theme_fonts=\u201dyes\u201d css_animation=\u201dappear\u201d][vc_btn title=\u201dCLIC AQU\u00cd Y DESCARGALO EN TU CORREO\u201d color=\u201dorange\u201d size=\u201dlg\u201d align=\u201dcenter\u201d css_animation=\u201dappear\u201d][\/vc_column][\/vc_row]<\/p>\n<\/body>","protected":false},"excerpt":{"rendered":"<p>[vc_section][vc_row][vc_column width=\u201d1\/2\u2033][vc_column_text] Porque todos tenemos Derecho a la salud Queremos acompa\u00f1arte A luchar por esto ! La industria farmac\u00e9utica ha dado el primer golpe. Y lo sabemos observando los altos \u00edndices de enfermedades cr\u00f3nico de generativas. Esta lucha contra la\u00a0Industria\u00a0Farmaceutica\u00a0ya est\u00e1 declarada y apenas comienza. Forma parte de los Terapeutas en Nutrici\u00f3n Ortomolecular y crea [&hellip;]<\/p>\n","protected":false},"author":1,"featured_media":0,"parent":0,"menu_order":0,"comment_status":"closed","ping_status":"closed","template":"","meta":{"om_disable_all_campaigns":false,"pmpro_default_level":"","footnotes":""},"class_list":["post-392","page","type-page","status-publish","hentry","pmpro-has-access"],"yoast_head":"<!-- This site is optimized with the Yoast SEO plugin v25.6 - https:\/\/yoast.com\/wordpress\/plugins\/seo\/ -->\n<title>Quienes Somos - Medicina Ortomolecular<\/title>\n<meta name=\"robots\" content=\"index, follow, max-snippet:-1, max-image-preview:large, max-video-preview:-1\" \/>\n<link rel=\"canonical\" href=\"http:\/\/ortomolecularmedicina.com\/index.php\/quienes-somos\/\" \/>\n<meta property=\"og:locale\" content=\"es_MX\" \/>\n<meta property=\"og:type\" content=\"article\" \/>\n<meta property=\"og:title\" content=\"Quienes Somos - Medicina Ortomolecular\" \/>\n<meta property=\"og:description\" content=\"[vc_section][vc_row][vc_column width=\u201d1\/2\u2033][vc_column_text] Porque todos tenemos Derecho a la salud Queremos acompa\u00f1arte A luchar por esto ! La industria farmac\u00e9utica ha dado el primer golpe. Y lo sabemos observando los altos \u00edndices de enfermedades cr\u00f3nico de generativas. Esta lucha contra la\u00a0Industria\u00a0Farmaceutica\u00a0ya est\u00e1 declarada y apenas comienza. Forma parte de los Terapeutas en Nutrici\u00f3n Ortomolecular y crea [&hellip;]\" \/>\n<meta property=\"og:url\" content=\"http:\/\/ortomolecularmedicina.com\/index.php\/quienes-somos\/\" \/>\n<meta property=\"og:site_name\" content=\"Medicina Ortomolecular\" \/>\n<meta property=\"article:modified_time\" content=\"2019-08-09T17:28:42+00:00\" \/>\n<meta name=\"twitter:card\" content=\"summary_large_image\" \/>\n<meta name=\"twitter:label1\" content=\"Tiempo de lectura\" \/>\n\t<meta name=\"twitter:data1\" content=\"3 minutos\" \/>\n<script type=\"application\/ld+json\" class=\"yoast-schema-graph\">{\"@context\":\"https:\/\/schema.org\",\"@graph\":[{\"@type\":\"WebPage\",\"@id\":\"http:\/\/ortomolecularmedicina.com\/index.php\/quienes-somos\/\",\"url\":\"http:\/\/ortomolecularmedicina.com\/index.php\/quienes-somos\/\",\"name\":\"Quienes Somos - Medicina Ortomolecular\",\"isPartOf\":{\"@id\":\"https:\/\/ortomolecularmedicina.com\/#website\"},\"datePublished\":\"2018-07-26T07:17:24+00:00\",\"dateModified\":\"2019-08-09T17:28:42+00:00\",\"breadcrumb\":{\"@id\":\"http:\/\/ortomolecularmedicina.com\/index.php\/quienes-somos\/#breadcrumb\"},\"inLanguage\":\"es\",\"potentialAction\":[{\"@type\":\"ReadAction\",\"target\":[\"http:\/\/ortomolecularmedicina.com\/index.php\/quienes-somos\/\"]}]},{\"@type\":\"BreadcrumbList\",\"@id\":\"http:\/\/ortomolecularmedicina.com\/index.php\/quienes-somos\/#breadcrumb\",\"itemListElement\":[{\"@type\":\"ListItem\",\"position\":1,\"name\":\"Inicio\",\"item\":\"https:\/\/ortomolecularmedicina.com\/\"},{\"@type\":\"ListItem\",\"position\":2,\"name\":\"Quienes Somos\"}]},{\"@type\":\"WebSite\",\"@id\":\"https:\/\/ortomolecularmedicina.com\/#website\",\"url\":\"https:\/\/ortomolecularmedicina.com\/\",\"name\":\"Medicina Ortomolecular\",\"description\":\"Impactando la vida de tus pacientes, con tratamientos naturales\",\"potentialAction\":[{\"@type\":\"SearchAction\",\"target\":{\"@type\":\"EntryPoint\",\"urlTemplate\":\"https:\/\/ortomolecularmedicina.com\/?s={search_term_string}\"},\"query-input\":{\"@type\":\"PropertyValueSpecification\",\"valueRequired\":true,\"valueName\":\"search_term_string\"}}],\"inLanguage\":\"es\"}]}<\/script>\n<!-- \/ Yoast SEO plugin. -->","yoast_head_json":{"title":"Quienes Somos - Medicina Ortomolecular","robots":{"index":"index","follow":"follow","max-snippet":"max-snippet:-1","max-image-preview":"max-image-preview:large","max-video-preview":"max-video-preview:-1"},"canonical":"http:\/\/ortomolecularmedicina.com\/index.php\/quienes-somos\/","og_locale":"es_MX","og_type":"article","og_title":"Quienes Somos - Medicina Ortomolecular","og_description":"[vc_section][vc_row][vc_column width=\u201d1\/2\u2033][vc_column_text] Porque todos tenemos Derecho a la salud Queremos acompa\u00f1arte A luchar por esto ! La industria farmac\u00e9utica ha dado el primer golpe. Y lo sabemos observando los altos \u00edndices de enfermedades cr\u00f3nico de generativas. Esta lucha contra la\u00a0Industria\u00a0Farmaceutica\u00a0ya est\u00e1 declarada y apenas comienza. Forma parte de los Terapeutas en Nutrici\u00f3n Ortomolecular y crea [&hellip;]","og_url":"http:\/\/ortomolecularmedicina.com\/index.php\/quienes-somos\/","og_site_name":"Medicina Ortomolecular","article_modified_time":"2019-08-09T17:28:42+00:00","twitter_card":"summary_large_image","twitter_misc":{"Tiempo de lectura":"3 minutos"},"schema":{"@context":"https:\/\/schema.org","@graph":[{"@type":"WebPage","@id":"http:\/\/ortomolecularmedicina.com\/index.php\/quienes-somos\/","url":"http:\/\/ortomolecularmedicina.com\/index.php\/quienes-somos\/","name":"Quienes Somos - Medicina Ortomolecular","isPartOf":{"@id":"https:\/\/ortomolecularmedicina.com\/#website"},"datePublished":"2018-07-26T07:17:24+00:00","dateModified":"2019-08-09T17:28:42+00:00","breadcrumb":{"@id":"http:\/\/ortomolecularmedicina.com\/index.php\/quienes-somos\/#breadcrumb"},"inLanguage":"es","potentialAction":[{"@type":"ReadAction","target":["http:\/\/ortomolecularmedicina.com\/index.php\/quienes-somos\/"]}]},{"@type":"BreadcrumbList","@id":"http:\/\/ortomolecularmedicina.com\/index.php\/quienes-somos\/#breadcrumb","itemListElement":[{"@type":"ListItem","position":1,"name":"Inicio","item":"https:\/\/ortomolecularmedicina.com\/"},{"@type":"ListItem","position":2,"name":"Quienes Somos"}]},{"@type":"WebSite","@id":"https:\/\/ortomolecularmedicina.com\/#website","url":"https:\/\/ortomolecularmedicina.com\/","name":"Medicina Ortomolecular","description":"Impactando la vida de tus pacientes, con tratamientos naturales","potentialAction":[{"@type":"SearchAction","target":{"@type":"EntryPoint","urlTemplate":"https:\/\/ortomolecularmedicina.com\/?s={search_term_string}"},"query-input":{"@type":"PropertyValueSpecification","valueRequired":true,"valueName":"search_term_string"}}],"inLanguage":"es"}]}},"jetpack_sharing_enabled":true,"_links":{"self":[{"href":"https:\/\/ortomolecularmedicina.com\/index.php\/wp-json\/wp\/v2\/pages\/392"}],"collection":[{"href":"https:\/\/ortomolecularmedicina.com\/index.php\/wp-json\/wp\/v2\/pages"}],"about":[{"href":"https:\/\/ortomolecularmedicina.com\/index.php\/wp-json\/wp\/v2\/types\/page"}],"author":[{"embeddable":true,"href":"https:\/\/ortomolecularmedicina.com\/index.php\/wp-json\/wp\/v2\/users\/1"}],"replies":[{"embeddable":true,"href":"https:\/\/ortomolecularmedicina.com\/index.php\/wp-json\/wp\/v2\/comments?post=392"}],"version-history":[{"count":10,"href":"https:\/\/ortomolecularmedicina.com\/index.php\/wp-json\/wp\/v2\/pages\/392\/revisions"}],"predecessor-version":[{"id":1834,"href":"https:\/\/ortomolecularmedicina.com\/index.php\/wp-json\/wp\/v2\/pages\/392\/revisions\/1834"}],"wp:attachment":[{"href":"https:\/\/ortomolecularmedicina.com\/index.php\/wp-json\/wp\/v2\/media?parent=392"}],"curies":[{"name":"wp","href":"https:\/\/api.w.org\/{rel}","templated":true}]}}