{"id":7,"date":"2018-05-21T05:54:48","date_gmt":"2018-05-21T05:54:48","guid":{"rendered":"http:\/\/masterstudy.stylemixthemes.com\/lms-white\/?page_id=7"},"modified":"2019-08-28T19:10:56","modified_gmt":"2019-08-28T19:10:56","slug":"home","status":"publish","type":"page","link":"https:\/\/ortomolecularmedicina.com\/","title":{"rendered":"Home"},"content":{"rendered":"<body><p>[vc_row full_width=\u201dstretch_row_content_no_spaces\u201d][vc_column][vc_single_image image=\u201d1817\u2033 img_size=\u201dfull\u201d alignment=\u201dcenter\u201d][vc_custom_heading text=\u201dInscr\u00edbete al Curso Gratis \u2013 \u00bfComo Potencializo con Ortomolecular?\u201d font_container=\u201dtag:h2|text_align:center|color:%2376bf3b\u201d use_theme_fonts=\u201dyes\u201d css_animation=\u201dappear\u201d][vc_row_inner][vc_column_inner width=\u201d1\/6\u2033][\/vc_column_inner][vc_column_inner width=\u201d2\/3\u2033][vc_btn title=\u201dCLIC AQU\u00cd Y DESCARGALO EN TU CORREO\u201d color=\u201dorange\u201d size=\u201dlg\u201d align=\u201dcenter\u201d css_animation=\u201dappear\u201d][\/vc_column_inner][vc_column_inner width=\u201d1\/6\u2033][\/vc_column_inner][\/vc_row_inner][\/vc_column][\/vc_row][vc_row][vc_column][vc_row_inner][vc_column_inner width=\u201d1\/6\u2033][\/vc_column_inner][vc_column_inner width=\u201d2\/3\u2033][vc_column_text css=\u201d.vc_custom_1565287250316{padding-left: 35px !important;}\u201d el_class=\u201dxs_reset_col\u201d]<\/p>\n<h2 style=\"text-align: center;\"><strong>Potencializa<\/strong> tus tratamientos, con los <strong>Recursos y Herramientas<\/strong> que aplicamos<br>\nen el Diplomado virtual, y <strong>lleva calidad de vida a todos tus pacientes.<\/strong><\/h2>\n<h4 style=\"text-align: center;\"><strong>Ayuda a tus pacientes<\/strong> implementando la Nutrici\u00f3n Ortomolecular, <strong>combin\u00e1ndola<\/strong> con tus terapias actuales.<\/h4>\n<p>[\/vc_column_text][\/vc_column_inner][vc_column_inner width=\u201d1\/6\u2033][\/vc_column_inner][\/vc_row_inner][\/vc_column][\/vc_row][vc_row full_width=\u201dstretch_row\u201d css=\u201d.vc_custom_1544788512692{margin-bottom: 0px !important;background-color: #edf2f5 !important;}\u201d][vc_column css=\u201d.vc_custom_1544788601676{padding-top: 0px !important;}\u201d][vc_empty_space height=\u201d81px\u201d][vc_column_text css_animation=\u201dzoomIn\u201d]<\/p>\n<h3>Si quieres que tus pacientes, tengan calidad de vida en enfermedades cr\u00f3nicas Quiero que sepas que Conozco muy bien la frustraci\u00f3n que debes sentir al no ver resultados palpables en tus pacientes, estoy seguro que aplicas tus tratamientos y sabes que \u201calgo\u201d les falta para lograr su recuperaci\u00f3n.<\/h3>\n<p>[\/vc_column_text][vc_empty_space height=\u201d70px\u201d][vc_row_inner][vc_column_inner width=\u201d1\/2\u2033][vc_single_image image=\u201d1640\u2033 img_size=\u201dfull\u201d alignment=\u201dcenter\u201d css_animation=\u201dslideInLeft\u201d][\/vc_column_inner][vc_column_inner width=\u201d1\/2\u2033][vc_column_text css_animation=\u201dslideInRight\u201d]<strong>Sus mayores impedimentos son:<\/strong><br>\n<span style=\"color: #00ff00;\"><strong>\u2013 Tratamientos con f\u00e1rmacos agresivos.<\/strong><\/span><br>\n<span style=\"color: #00ff00;\"><strong>\u2013 Contaminaci\u00f3n<\/strong><\/span><br>\n<span style=\"color: #00ff00;\"><strong>\u2013 Emociones mal canalizadas<\/strong><\/span><br>\n<span style=\"color: #00ff00;\"><strong>\u2013 Los alimentos actuales ya no cuentan con los suficientes nutrientes.<\/strong><\/span><\/p>\n<p><span style=\"color: #00ff00;\"><strong>= Enfermedades cr\u00f3nico degenerativas.<\/strong><\/span>[\/vc_column_text][\/vc_column_inner][\/vc_row_inner][\/vc_column][\/vc_row][vc_row full_width=\u201dstretch_row\u201d css=\u201d.vc_custom_1544788512692{margin-bottom: 0px !important;background-color: #edf2f5 !important;}\u201d][vc_column css=\u201d.vc_custom_1544788601676{padding-top: 0px !important;}\u201d][vc_empty_space height=\u201d81px\u201d][vc_column_text css_animation=\u201dzoomIn\u201d]<\/p>\n<h3>\u00bfQuieres vencer la etapa del sufrimiento?<\/h3>\n<p>[\/vc_column_text][vc_empty_space height=\u201d70px\u201d][vc_row_inner][vc_column_inner width=\u201d1\/2\u2033][vc_column_text css_animation=\u201dslideInLeft\u201d]<strong>El sufrimiento y deterioro en la salud de tus pacientes, es lo que te ha impulsado a buscar la Nutrici\u00f3n Ortomolecular, afortunadamente ya conoces que est\u00e1 dando resultados impresionantes en personas cercanas a ti.<\/strong><\/p>\n<p><strong>Estas impulsado a aprender, por el enorme sufrimiento y deterioro en la salud de tus pacientes, buscando los resultados que has visto o escuchado en otras personas, donde Ortomolecular est\u00e1 cambiando la vida de las personas.<\/strong><\/p>\n<p><strong>(Ahora imagina la enorme satisfacci\u00f3n que tendr\u00e1s al tratar el C\u00e1ncer, de aquel paciente que has visto sufrir, recuperando el apetito, conservando su cabello, sin nauseas y mejorando su semblante, con la enorme posibilidad de encapsular su tumor con el tratamiento Ortomolecular)<\/strong><\/p>\n<p><strong>Afortunadamente haz llegado al Diplomado donde tendr\u00e1s todas las herramientas que vas a necesitar en tu consultorio.<\/strong>[\/vc_column_text][\/vc_column_inner][vc_column_inner width=\u201d1\/2\u2033][vc_single_image image=\u201d1641\u2033 img_size=\u201dfull\u201d alignment=\u201dcenter\u201d css_animation=\u201dslideInRight\u201d][\/vc_column_inner][\/vc_row_inner][\/vc_column][\/vc_row][vc_row full_width=\u201dstretch_row\u201d css=\u201d.vc_custom_1544788512692{margin-bottom: 0px !important;background-color: #edf2f5 !important;}\u201d][vc_column css=\u201d.vc_custom_1544788601676{padding-top: 0px !important;}\u201d][vc_empty_space height=\u201d81px\u201d][vc_column_text css_animation=\u201dzoomIn\u201d]<\/p>\n<h3>Tratar cualquier padecimiento \u2013 Todas las dosificaciones \u2013 Dise\u00f1ar\u00e1s reg\u00edmenes alimenticios \u2013 Manual f\u00edsico \u2013 Tratamientos preventivos \u2013 1 MasterClass presencial al mes<\/h3>\n<p>[\/vc_column_text][vc_empty_space height=\u201d70px\u201d][vc_row_inner][vc_column_inner][vc_column_text css_animation=\u201dslideInLeft\u201d]<strong>Aprender\u00e1s a tratar:<\/strong><\/p>\n<p><span style=\"color: #00ff00;\"><strong>Diabetes \u2013 Migra\u00f1as<\/strong><\/span><\/p>\n<p><span style=\"color: #00ff00;\"><strong>Cancer \u2013 Ansiedad<\/strong><\/span><\/p>\n<p><span style=\"color: #00ff00;\"><strong>Obesidad \u2013 Problemas gastricos<\/strong><\/span><\/p>\n<p><span style=\"color: #00ff00;\"><strong>Deficiencias hormonales \u2013 Artritis<\/strong><\/span><\/p>\n<p><strong>Vas a poder abordar estos padecimientos y otros, desde el origen, cubriendo la parte nutricional que seguramente hab\u00edas dejado de lado, pero ahora con la Nutrici\u00f3n Ortomolecular, podr\u00e1s suplementarlo con dosis y tratamientos personalizados; vas a dar una atenci\u00f3n integral.<\/strong><\/p>\n<p><strong>Los Seminarios te van a ayudar a que aproveches todo el potencial de las vitaminas.<\/strong><\/p>\n<p><strong>Nadie ofrece ir al padecimiento desde la base, cubriendo sus deficiencias nutricionales, d\u00e1ndole al paciente exactamente lo que requiere para que su propio cuerpo repare o cure la enfermedad.<\/strong><\/p>\n<p><strong>Esto marcar\u00e1 la diferencia con tus competidores !<\/strong><\/p>\n<p><strong>\u00bf Estas listo para dar el salto y ampliar tus conocimientos ?<\/strong><\/p>\n<p><strong>Con el Diplomado:<\/strong><\/p>\n<p><span style=\"color: #00ff00;\"><strong>\u2013 Elevar\u00e1s en un 100% su calidad de vida.<\/strong><\/span><\/p>\n<p><span style=\"color: #00ff00;\"><strong>\u2013 Cubrir\u00e1s sus deficiencias, nutricionales.<\/strong><\/span><\/p>\n<p><span style=\"color: #00ff00;\"><strong>\u2013 Ya no depender\u00e1n de tratamientos al\u00f3patas.<\/strong><\/span><\/p>\n<p><span style=\"color: #00ff00;\"><strong>\u2013 Cambiar\u00e1s su forma de suplementarse y alimentarse.<\/strong><\/span><\/p>\n<p><span style=\"color: #00ff00;\"><strong>\u2013 Podr\u00e1s reparar los da\u00f1os que tienen a nivel celular.<\/strong><\/span>[\/vc_column_text][\/vc_column_inner][\/vc_row_inner][\/vc_column][\/vc_row][vc_row][vc_column][vc_custom_heading text=\u201dInscr\u00edbete al Curso Gratis \u2013 \u00bfComo Potencializo con Ortomolecular?\u201d font_container=\u201dtag:h2|text_align:center|color:%2376bf3b\u201d use_theme_fonts=\u201dyes\u201d css_animation=\u201dappear\u201d][vc_btn title=\u201dCLIC AQU\u00cd Y DESCARGALO EN TU CORREO\u201d color=\u201dorange\u201d size=\u201dlg\u201d align=\u201dcenter\u201d css_animation=\u201dappear\u201d][\/vc_column][\/vc_row][vc_row][vc_column width=\u201d1\/4\u2033 offset=\u201dvc_col-lg-6 vc_col-md-6\u2033][stm_icon_box hover_pos=\u201dnone\u201d link_color_style=\u201ddark\u201d icon=\u201dfa-icon-stm_icon_chevron_right\u201d icon_size=\u201d56\u2033 icon_align=\u201dleft\u201d icon_width=\u201d68\u2033 icon_color=\u201d#59d600\u2033 title=\u201dTratar cualquier padecimiento\u201d css=\u201d.vc_custom_1565359730686{margin-bottom: 30px !important;}\u201d box_bg_color=\u201d#ffffff\u201d][\/stm_icon_box][stm_icon_box hover_pos=\u201dnone\u201d link_color_style=\u201ddark\u201d icon=\u201dfa-icon-stm_icon_chevron_right\u201d icon_size=\u201d56\u2033 icon_align=\u201dleft\u201d icon_width=\u201d68\u2033 icon_color=\u201d#59d600\u2033 title=\u201dDise\u00f1ar\u00e1s reg\u00edmenes alimenticios\u201d css=\u201d.vc_custom_1565361132901{margin-bottom: 30px !important;}\u201d box_bg_color=\u201d#ffffff\u201d][\/stm_icon_box][stm_icon_box hover_pos=\u201dnone\u201d link_color_style=\u201ddark\u201d icon=\u201dfa-icon-stm_icon_chevron_right\u201d icon_size=\u201d56\u2033 icon_align=\u201dleft\u201d icon_width=\u201d68\u2033 icon_color=\u201d#59d600\u2033 title=\u201dTratamientos preventivos\u201d css=\u201d.vc_custom_1565361152364{margin-bottom: 30px !important;}\u201d box_bg_color=\u201d#ffffff\u201d][\/stm_icon_box][stm_icon_box hover_pos=\u201dnone\u201d link_color_style=\u201ddark\u201d icon=\u201dfa-icon-stm_icon_chevron_right\u201d icon_size=\u201d56\u2033 icon_align=\u201dleft\u201d icon_width=\u201d68\u2033 icon_color=\u201d#59d600\u2033 title=\u201dElevar\u00e1s en un 100% su calidad de vida.\u201d css=\u201d.vc_custom_1565361189815{margin-bottom: 30px !important;}\u201d box_bg_color=\u201d#ffffff\u201d]Cubrir\u00e1s las deficiencias nutricionales que han sido el factor n\u00famero 1, del origen de la enfermedad de tus pacientes.[\/stm_icon_box][\/vc_column][vc_column width=\u201d1\/4\u2033 offset=\u201dvc_col-lg-6 vc_col-md-6\u2033][stm_icon_box hover_pos=\u201dnone\u201d icon=\u201dfa-icon-stm_icon_chevron_right\u201d icon_size=\u201d57\u2033 icon_align=\u201dleft\u201d icon_width=\u201d68\u2033 icon_color=\u201d#f2b91e\u201d title=\u201dTodas las dosificaciones\u201d css=\u201d.vc_custom_1565361272706{margin-bottom: 30px !important;}\u201d][\/stm_icon_box][stm_icon_box hover_pos=\u201dnone\u201d icon=\u201dfa-icon-stm_icon_chevron_right\u201d icon_size=\u201d57\u2033 icon_align=\u201dleft\u201d icon_width=\u201d68\u2033 icon_color=\u201d#f2b91e\u201d title=\u201dManual f\u00edsico\u201d css=\u201d.vc_custom_1565361294992{margin-bottom: 30px !important;}\u201d][\/stm_icon_box][stm_icon_box hover_pos=\u201dnone\u201d icon=\u201dfa-icon-stm_icon_chevron_right\u201d icon_size=\u201d57\u2033 icon_align=\u201dleft\u201d icon_width=\u201d68\u2033 icon_color=\u201d#f2b91e\u201d title=\u201d1 MasterClass presencial al mes\u201d css=\u201d.vc_custom_1565361308323{margin-bottom: 30px !important;}\u201d][\/stm_icon_box][stm_icon_box hover_pos=\u201dnone\u201d icon=\u201dfa-icon-stm_icon_chevron_right\u201d icon_size=\u201d57\u2033 icon_align=\u201dleft\u201d icon_width=\u201d68\u2033 icon_color=\u201d#f2b91e\u201d title=\u201dYa no depender\u00e1n de tratamientos al\u00f3patas.\u201d css=\u201d.vc_custom_1565361342770{margin-bottom: 30px !important;}\u201d][\/stm_icon_box][\/vc_column][\/vc_row][vc_row][vc_column][vc_empty_space height=\u201d31px\u201d][\/vc_column][\/vc_row][vc_row full_width=\u201dstretch_row\u201d parallax=\u201dcontent-moving\u201d parallax_image=\u201d955\u2033 parallax_speed_bg=\u201d2\u2033][vc_column][vc_empty_space height=\u201d235px\u201d tablet_height=\u201d135\u2033 mobile_height=\u201d0\u2033][vc_row_inner][vc_column_inner width=\u201d1\/4\u2033][stm_stats_counter counter_value=\u201d15000\u2033 icon=\u201dlnr lnr-users\u201d icon_text_alignment=\u201dleft\u201d title=\u201dAlumnos capacitados\u201d text_font_size=\u201d40\u2033 counter_text_font_size=\u201d18\u2033 counter_text_color=\u201d#81d742\u2033][\/vc_column_inner][vc_column_inner width=\u201d1\/4\u2033][stm_stats_counter counter_value=\u201d8\u2033 icon=\u201dlnr lnr-film-play\u201d icon_text_alignment=\u201dleft\u201d title=\u201dTe Certificas en 8 m\u00f3dulos\u201d text_font_size=\u201d40\u2033 counter_text_font_size=\u201d18\u2033 counter_text_color=\u201d#81d742\u2033][\/vc_column_inner][vc_column_inner width=\u201d1\/4\u2033][stm_stats_counter counter_value=\u201d1025\u2033 icon=\u201dlnr lnr-picture\u201d icon_text_alignment=\u201dleft\u201d title=\u201dSliders &amp; Images\u201d text_font_size=\u201d40\u2033 counter_text_font_size=\u201d18\u2033][\/vc_column_inner][vc_column_inner width=\u201d1\/4\u2033][stm_stats_counter counter_value=\u201d3380\u2033 icon=\u201dlnr lnr-thumbs-up\u201d icon_text_alignment=\u201dleft\u201d title=\u201dExcellent Reviews\u201d text_font_size=\u201d40\u2033 counter_text_font_size=\u201d18\u2033][\/vc_column_inner][\/vc_row_inner][vc_empty_space height=\u201d213px\u201d tablet_height=\u201d113\u2033 mobile_height=\u201d0\u2033][\/vc_column][\/vc_row][vc_row bg_type=\u201d\u201d parallax_style=\u201d\u201d bg_image_new=\u201d\u201d bg_image_repeat=\u201d\u201d bg_image_size=\u201d\u201d bg_cstm_size=\u201d\u201d bg_img_attach=\u201d\u201d parallax_sense=\u201d\u201d bg_image_posiiton=\u201d\u201d animation_direction=\u201d\u201d animation_repeat=\u201d\u201d video_url=\u201d\u201d video_url_2=\u201d\u201d u_video_url=\u201d\u201d video_poster=\u201d\u201d u_start_time=\u201d\u201d u_stop_time=\u201d\u201d viewport_vdo=\u201d\u201d enable_controls=\u201d\u201d bg_override=\u201d\u201d disable_on_mobile_img_parallax=\u201d\u201d parallax_content=\u201d\u201d parallax_content_sense=\u201d\u201d fadeout_row=\u201d\u201d fadeout_start_effect=\u201d\u201d enable_overlay=\u201d\u201d overlay_color=\u201d\u201d overlay_pattern=\u201d\u201d overlay_pattern_opacity=\u201d\u201d overlay_pattern_size=\u201d\u201d overlay_pattern_attachment=\u201d\u201d seperator_enable=\u201d\u201d seperator_type=\u201d\u201d seperator_position=\u201d\u201d seperator_shape_size=\u201d\u201d seperator_svg_height=\u201d\u201d seperator_shape_background=\u201d\u201d seperator_shape_border=\u201d\u201d seperator_shape_border_color=\u201d\u201d seperator_shape_border_width=\u201d\u201d icon_type=\u201d\u201d icon=\u201d\u201d icon_size=\u201d\u201d icon_color=\u201d\u201d icon_style=\u201d\u201d icon_color_bg=\u201d\u201d icon_border_style=\u201d\u201d icon_border_spacing=\u201d\u201d icon_img=\u201d\u201d img_width=\u201d\u201d ult_hide_row=\u201d\u201d ult_hide_row_large_screen=\u201d\u201d ult_hide_row_desktop=\u201d\u201d ult_hide_row_tablet=\u201d\u201d ult_hide_row_tablet_small=\u201d\u201d ult_hide_row_mobile=\u201d\u201d ult_hide_row_mobile_large=\u201d\u201d bg_grad=\u201d\u201d bg_color_value=\u201d\u201d controls_color=\u201d\u201d notification=\u201d\u201d][vc_column][vc_empty_space height=\u201d38px\u201d mobile_height=\u201d0\u2033][vc_custom_heading text=\u201dTESTIMONIOS\u201d font_container=\u201dtag:h2|font_size:50|text_align:center|line_height:50px\u201d use_theme_fonts=\u201dyes\u201d][vc_empty_space height=\u201d27px\u201d][vc_row_inner][vc_column_inner width=\u201d1\/3\u2033][vc_raw_html]JTNDaWZyYW1lJTIwc3JjJTNEJTIyaHR0cHMlM0ElMkYlMkZwbGF5ZXIudmltZW8uY29tJTJGdmlkZW8lMkYzNDAzMTc4MDYlMjIlMjB3aWR0aCUzRCUyMjY0MCUyMiUyMGhlaWdodCUzRCUyMjM2MiUyMiUyMGZyYW1lYm9yZGVyJTNEJTIyMCUyMiUyMGFsbG93JTNEJTIyYXV0b3BsYXklM0IlMjBmdWxsc2NyZWVuJTIyJTIwYWxsb3dmdWxsc2NyZWVuJTNFJTNDJTJGaWZyYW1lJTNF[\/vc_raw_html][\/vc_column_inner][vc_column_inner width=\u201d1\/3\u2033][vc_raw_html]JTNDaWZyYW1lJTIwc3JjJTNEJTIyaHR0cHMlM0ElMkYlMkZwbGF5ZXIudmltZW8uY29tJTJGdmlkZW8lMkYzNDAzMTc5OTklMjIlMjB3aWR0aCUzRCUyMjY0MCUyMiUyMGhlaWdodCUzRCUyMjM2MiUyMiUyMGZyYW1lYm9yZGVyJTNEJTIyMCUyMiUyMGFsbG93JTNEJTIyYXV0b3BsYXklM0IlMjBmdWxsc2NyZWVuJTIyJTIwYWxsb3dmdWxsc2NyZWVuJTNFJTNDJTJGaWZyYW1lJTNF[\/vc_raw_html][\/vc_column_inner][vc_column_inner width=\u201d1\/3\u2033][vc_raw_html]JTNDaWZyYW1lJTIwc3JjJTNEJTIyaHR0cHMlM0ElMkYlMkZwbGF5ZXIudmltZW8uY29tJTJGdmlkZW8lMkYzNDAzMTgxOTAlMjIlMjB3aWR0aCUzRCUyMjY0MCUyMiUyMGhlaWdodCUzRCUyMjM2MiUyMiUyMGZyYW1lYm9yZGVyJTNEJTIyMCUyMiUyMGFsbG93JTNEJTIyYXV0b3BsYXklM0IlMjBmdWxsc2NyZWVuJTIyJTIwYWxsb3dmdWxsc2NyZWVuJTNFJTNDJTJGaWZyYW1lJTNF[\/vc_raw_html][\/vc_column_inner][\/vc_row_inner][\/vc_column][\/vc_row][vc_row][vc_column][vc_custom_heading text=\u201dInscr\u00edbete al Curso Gratis \u2013 \u00bfComo Potencializo con Ortomolecular?\u201d font_container=\u201dtag:h2|text_align:center|color:%2376bf3b\u201d use_theme_fonts=\u201dyes\u201d css_animation=\u201dappear\u201d][vc_btn title=\u201dCLIC AQU\u00cd Y DESCARGALO EN TU CORREO\u201d color=\u201dorange\u201d size=\u201dlg\u201d align=\u201dcenter\u201d css_animation=\u201dappear\u201d][\/vc_column][\/vc_row]<\/p>\n<\/body>","protected":false},"excerpt":{"rendered":"<p>[vc_row full_width=\u201dstretch_row_content_no_spaces\u201d][vc_column][vc_single_image image=\u201d1817\u2033 img_size=\u201dfull\u201d alignment=\u201dcenter\u201d][vc_custom_heading text=\u201dInscr\u00edbete al Curso Gratis \u2013 \u00bfComo Potencializo con Ortomolecular?\u201d font_container=\u201dtag:h2|text_align:center|color:%2376bf3b\u201d use_theme_fonts=\u201dyes\u201d css_animation=\u201dappear\u201d][vc_row_inner][vc_column_inner width=\u201d1\/6\u2033][\/vc_column_inner][vc_column_inner width=\u201d2\/3\u2033][vc_btn title=\u201dCLIC AQU\u00cd Y DESCARGALO EN TU CORREO\u201d color=\u201dorange\u201d size=\u201dlg\u201d align=\u201dcenter\u201d css_animation=\u201dappear\u201d][\/vc_column_inner][vc_column_inner width=\u201d1\/6\u2033][\/vc_column_inner][\/vc_row_inner][\/vc_column][\/vc_row][vc_row][vc_column][vc_row_inner][vc_column_inner width=\u201d1\/6\u2033][\/vc_column_inner][vc_column_inner width=\u201d2\/3\u2033][vc_column_text css=\u201d.vc_custom_1565287250316{padding-left: 35px !important;}\u201d el_class=\u201dxs_reset_col\u201d] Potencializa tus tratamientos, con los Recursos y Herramientas que aplicamos en el Diplomado virtual, y lleva calidad de [&hellip;]<\/p>\n","protected":false},"author":1,"featured_media":0,"parent":0,"menu_order":0,"comment_status":"closed","ping_status":"closed","template":"","meta":{"om_disable_all_campaigns":false,"pmpro_default_level":"","footnotes":""},"class_list":["post-7","page","type-page","status-publish","hentry","pmpro-has-access"],"yoast_head":"<!-- This site is optimized with the Yoast SEO plugin v25.6 - https:\/\/yoast.com\/wordpress\/plugins\/seo\/ -->\n<title>Online Education and LMS WordPress Theme \u2013 Masterstudy<\/title>\n<meta name=\"description\" content=\"Masterstudy is Education WordPress theme featured by Learning Management System (LMS) for online education business and course management.\" \/>\n<meta name=\"robots\" content=\"index, follow, max-snippet:-1, max-image-preview:large, max-video-preview:-1\" \/>\n<link rel=\"canonical\" href=\"https:\/\/ortomolecularmedicina.com\/\" \/>\n<meta property=\"og:locale\" content=\"es_MX\" \/>\n<meta property=\"og:type\" content=\"article\" \/>\n<meta property=\"og:title\" content=\"Online Education and LMS WordPress Theme \u2013 Masterstudy\" \/>\n<meta property=\"og:description\" content=\"Masterstudy is Education WordPress theme featured by Learning Management System (LMS) for online education business and course management.\" \/>\n<meta property=\"og:url\" content=\"https:\/\/ortomolecularmedicina.com\/\" \/>\n<meta property=\"og:site_name\" content=\"Medicina Ortomolecular\" \/>\n<meta property=\"article:modified_time\" content=\"2019-08-28T19:10:56+00:00\" \/>\n<meta name=\"twitter:card\" content=\"summary_large_image\" \/>\n<meta name=\"twitter:label1\" content=\"Tiempo de lectura\" \/>\n\t<meta name=\"twitter:data1\" content=\"9 minutos\" \/>\n<script type=\"application\/ld+json\" class=\"yoast-schema-graph\">{\"@context\":\"https:\/\/schema.org\",\"@graph\":[{\"@type\":\"WebPage\",\"@id\":\"https:\/\/ortomolecularmedicina.com\/\",\"url\":\"https:\/\/ortomolecularmedicina.com\/\",\"name\":\"Online Education and LMS WordPress Theme \u2013 Masterstudy\",\"isPartOf\":{\"@id\":\"https:\/\/ortomolecularmedicina.com\/#website\"},\"datePublished\":\"2018-05-21T05:54:48+00:00\",\"dateModified\":\"2019-08-28T19:10:56+00:00\",\"description\":\"Masterstudy is Education WordPress theme featured by Learning Management System (LMS) for online education business and course management.\",\"breadcrumb\":{\"@id\":\"https:\/\/ortomolecularmedicina.com\/#breadcrumb\"},\"inLanguage\":\"es\",\"potentialAction\":[{\"@type\":\"ReadAction\",\"target\":[\"https:\/\/ortomolecularmedicina.com\/\"]}]},{\"@type\":\"BreadcrumbList\",\"@id\":\"https:\/\/ortomolecularmedicina.com\/#breadcrumb\",\"itemListElement\":[{\"@type\":\"ListItem\",\"position\":1,\"name\":\"Inicio\",\"item\":\"https:\/\/ortomolecularmedicina.com\/\"},{\"@type\":\"ListItem\",\"position\":2,\"name\":\"Home\"}]},{\"@type\":\"WebSite\",\"@id\":\"https:\/\/ortomolecularmedicina.com\/#website\",\"url\":\"https:\/\/ortomolecularmedicina.com\/\",\"name\":\"Medicina Ortomolecular\",\"description\":\"Impactando la vida de tus pacientes, con tratamientos naturales\",\"potentialAction\":[{\"@type\":\"SearchAction\",\"target\":{\"@type\":\"EntryPoint\",\"urlTemplate\":\"https:\/\/ortomolecularmedicina.com\/?s={search_term_string}\"},\"query-input\":{\"@type\":\"PropertyValueSpecification\",\"valueRequired\":true,\"valueName\":\"search_term_string\"}}],\"inLanguage\":\"es\"}]}<\/script>\n<!-- \/ Yoast SEO plugin. -->","yoast_head_json":{"title":"Online Education and LMS WordPress Theme \u2013 Masterstudy","description":"Masterstudy is Education WordPress theme featured by Learning Management System (LMS) for online education business and course management.","robots":{"index":"index","follow":"follow","max-snippet":"max-snippet:-1","max-image-preview":"max-image-preview:large","max-video-preview":"max-video-preview:-1"},"canonical":"https:\/\/ortomolecularmedicina.com\/","og_locale":"es_MX","og_type":"article","og_title":"Online Education and LMS WordPress Theme \u2013 Masterstudy","og_description":"Masterstudy is Education WordPress theme featured by Learning Management System (LMS) for online education business and course management.","og_url":"https:\/\/ortomolecularmedicina.com\/","og_site_name":"Medicina Ortomolecular","article_modified_time":"2019-08-28T19:10:56+00:00","twitter_card":"summary_large_image","twitter_misc":{"Tiempo de lectura":"9 minutos"},"schema":{"@context":"https:\/\/schema.org","@graph":[{"@type":"WebPage","@id":"https:\/\/ortomolecularmedicina.com\/","url":"https:\/\/ortomolecularmedicina.com\/","name":"Online Education and LMS WordPress Theme \u2013 Masterstudy","isPartOf":{"@id":"https:\/\/ortomolecularmedicina.com\/#website"},"datePublished":"2018-05-21T05:54:48+00:00","dateModified":"2019-08-28T19:10:56+00:00","description":"Masterstudy is Education WordPress theme featured by Learning Management System (LMS) for online education business and course management.","breadcrumb":{"@id":"https:\/\/ortomolecularmedicina.com\/#breadcrumb"},"inLanguage":"es","potentialAction":[{"@type":"ReadAction","target":["https:\/\/ortomolecularmedicina.com\/"]}]},{"@type":"BreadcrumbList","@id":"https:\/\/ortomolecularmedicina.com\/#breadcrumb","itemListElement":[{"@type":"ListItem","position":1,"name":"Inicio","item":"https:\/\/ortomolecularmedicina.com\/"},{"@type":"ListItem","position":2,"name":"Home"}]},{"@type":"WebSite","@id":"https:\/\/ortomolecularmedicina.com\/#website","url":"https:\/\/ortomolecularmedicina.com\/","name":"Medicina Ortomolecular","description":"Impactando la vida de tus pacientes, con tratamientos naturales","potentialAction":[{"@type":"SearchAction","target":{"@type":"EntryPoint","urlTemplate":"https:\/\/ortomolecularmedicina.com\/?s={search_term_string}"},"query-input":{"@type":"PropertyValueSpecification","valueRequired":true,"valueName":"search_term_string"}}],"inLanguage":"es"}]}},"jetpack_sharing_enabled":true,"_links":{"self":[{"href":"https:\/\/ortomolecularmedicina.com\/index.php\/wp-json\/wp\/v2\/pages\/7"}],"collection":[{"href":"https:\/\/ortomolecularmedicina.com\/index.php\/wp-json\/wp\/v2\/pages"}],"about":[{"href":"https:\/\/ortomolecularmedicina.com\/index.php\/wp-json\/wp\/v2\/types\/page"}],"author":[{"embeddable":true,"href":"https:\/\/ortomolecularmedicina.com\/index.php\/wp-json\/wp\/v2\/users\/1"}],"replies":[{"embeddable":true,"href":"https:\/\/ortomolecularmedicina.com\/index.php\/wp-json\/wp\/v2\/comments?post=7"}],"version-history":[{"count":98,"href":"https:\/\/ortomolecularmedicina.com\/index.php\/wp-json\/wp\/v2\/pages\/7\/revisions"}],"predecessor-version":[{"id":1899,"href":"https:\/\/ortomolecularmedicina.com\/index.php\/wp-json\/wp\/v2\/pages\/7\/revisions\/1899"}],"wp:attachment":[{"href":"https:\/\/ortomolecularmedicina.com\/index.php\/wp-json\/wp\/v2\/media?parent=7"}],"curies":[{"name":"wp","href":"https:\/\/api.w.org\/{rel}","templated":true}]}}